{"id":38,"date":"2015-01-30T04:47:19","date_gmt":"2015-01-30T04:47:19","guid":{"rendered":"http:\/\/whm17.louhi.net\/~piikkion\/?page_id=38"},"modified":"2020-01-10T22:07:12","modified_gmt":"2020-01-10T20:07:12","slug":"pive-2","status":"publish","type":"page","link":"https:\/\/www.piikkionveneseura.net\/","title":{"rendered":"PiVe"},"content":{"rendered":"<p><a href=\"http:\/\/www.piikkionveneseura.net\/wp-content\/uploads\/Lipputanko.jpg\"><img loading=\"lazy\" decoding=\"async\" class=\" wp-image-219 size-medium alignright\" src=\"http:\/\/www.piikkionveneseura.net\/wp-content\/uploads\/Lipputanko-226x300.jpg\" alt=\"\" width=\"226\" height=\"300\" srcset=\"https:\/\/www.piikkionveneseura.net\/wp-content\/uploads\/Lipputanko-226x300.jpg 226w, https:\/\/www.piikkionveneseura.net\/wp-content\/uploads\/Lipputanko.jpg 482w\" sizes=\"auto, (max-width: 226px) 100vw, 226px\" \/><\/a><\/p>\n<p>Piikki\u00f6n veneseura on vuonna 1980 perustettu yhdistys.<\/p>\n<p>Yhdistyksen tarkoituksena on kehitt\u00e4\u00e4 ja edist\u00e4\u00e4 veneilyharrastusta. Seurassamme on yli sata kipparij\u00e4sent\u00e4.<\/p>\n<p align=\"left\">Kotisatama sijaitsee Piikki\u00f6nlahden rannalla. Kotisatamassa on j\u00e4senten k\u00e4yt\u00f6ss\u00e4 n. 100 venepaikkaa. Laiturialueella on makea\u00a0vesi, s\u00e4hk\u00f6pistokkeet ja septin imutyhjennys jokaisen venepaikan l\u00e4heisyydess\u00e4.<\/p>\n<p align=\"left\">Sataman alueella on my\u00f6s mastonosturi\u00a0ja j\u00e4tteiden ker\u00e4yspiste.<\/p>\n<p align=\"left\"><a href=\"http:\/\/www.piikkionveneseura.net\/wp-content\/uploads\/Saaresta.jpg\"><img loading=\"lazy\" decoding=\"async\" class=\" wp-image-602 alignnone\" src=\"http:\/\/www.piikkionveneseura.net\/wp-content\/uploads\/Saaresta.jpg\" alt=\"\" width=\"469\" height=\"352\" srcset=\"https:\/\/www.piikkionveneseura.net\/wp-content\/uploads\/Saaresta.jpg 640w, https:\/\/www.piikkionveneseura.net\/wp-content\/uploads\/Saaresta-300x225.jpg 300w\" sizes=\"auto, (max-width: 469px) 100vw, 469px\" \/><\/a><\/p>\n<p align=\"left\">Veneseuralla on\u00a0<a href=\"https:\/\/goo.gl\/maps\/ybYL8kx79pz\" target=\"_blank\" rel=\"noopener noreferrer\">saaritukikohta<\/a> Peimarin l\u00e4nsipuolella.<\/p>\n<p align=\"left\">\n","protected":false},"excerpt":{"rendered":"<p>Piikki\u00f6n veneseura on vuonna 1980 perustettu yhdistys. Yhdistyksen tarkoituksena on kehitt\u00e4\u00e4 ja edist\u00e4\u00e4 veneilyharrastusta. Seurassamme on yli sata kipparij\u00e4sent\u00e4. Kotisatama sijaitsee Piikki\u00f6nlahden rannalla. Kotisatamassa on j\u00e4senten k\u00e4yt\u00f6ss\u00e4 n. 100 venepaikkaa. Laiturialueella on makea\u00a0vesi, s\u00e4hk\u00f6pistokkeet ja septin imutyhjennys jokaisen venepaikan l\u00e4heisyydess\u00e4. Sataman alueella on my\u00f6s mastonosturi\u00a0ja j\u00e4tteiden ker\u00e4yspiste. Veneseuralla on\u00a0saaritukikohta Peimarin l\u00e4nsipuolella.<\/p>\n","protected":false},"author":1,"featured_media":0,"parent":0,"menu_order":0,"comment_status":"open","ping_status":"open","template":"","meta":{"_bbp_topic_count":0,"_bbp_reply_count":0,"_bbp_total_topic_count":0,"_bbp_total_reply_count":0,"_bbp_voice_count":0,"_bbp_anonymous_reply_count":0,"_bbp_topic_count_hidden":0,"_bbp_reply_count_hidden":0,"_bbp_forum_subforum_count":0,"_mc_calendar":[],"footnotes":""},"class_list":["post-38","page","type-page","status-publish","hentry"],"_links":{"self":[{"href":"https:\/\/www.piikkionveneseura.net\/index.php?rest_route=\/wp\/v2\/pages\/38","targetHints":{"allow":["GET"]}}],"collection":[{"href":"https:\/\/www.piikkionveneseura.net\/index.php?rest_route=\/wp\/v2\/pages"}],"about":[{"href":"https:\/\/www.piikkionveneseura.net\/index.php?rest_route=\/wp\/v2\/types\/page"}],"author":[{"embeddable":true,"href":"https:\/\/www.piikkionveneseura.net\/index.php?rest_route=\/wp\/v2\/users\/1"}],"replies":[{"embeddable":true,"href":"https:\/\/www.piikkionveneseura.net\/index.php?rest_route=%2Fwp%2Fv2%2Fcomments&post=38"}],"version-history":[{"count":36,"href":"https:\/\/www.piikkionveneseura.net\/index.php?rest_route=\/wp\/v2\/pages\/38\/revisions"}],"predecessor-version":[{"id":1703,"href":"https:\/\/www.piikkionveneseura.net\/index.php?rest_route=\/wp\/v2\/pages\/38\/revisions\/1703"}],"wp:attachment":[{"href":"https:\/\/www.piikkionveneseura.net\/index.php?rest_route=%2Fwp%2Fv2%2Fmedia&parent=38"}],"curies":[{"name":"wp","href":"https:\/\/api.w.org\/{rel}","templated":true}]}}