{"id":41,"date":"2015-01-30T05:00:57","date_gmt":"2015-01-30T05:00:57","guid":{"rendered":"http:\/\/whm17.louhi.net\/~piikkion\/?page_id=41"},"modified":"2026-02-23T21:26:21","modified_gmt":"2026-02-23T19:26:21","slug":"hinnat-2","status":"publish","type":"page","link":"https:\/\/www.piikkionveneseura.net\/?page_id=41","title":{"rendered":"Hinnat"},"content":{"rendered":"<h4>Vuosi 2026<\/h4>\n<h4>J\u00e4senmaksut<\/h4>\n<table border=\"0\" width=\"100%\" cellspacing=\"0\">\n<tbody>\n<tr>\n<td width=\"10%\" height=\"22\"><\/td>\n<td width=\"50%\" height=\"22\">Liittyminen seuraan<\/td>\n<td width=\"30%\" height=\"22\">350 e<\/td>\n<td width=\"10%\" height=\"22\"><\/td>\n<\/tr>\n<tr>\n<td width=\"10%\" height=\"22\"><\/td>\n<td width=\"50%\" height=\"22\">Liittyminen seuraan, kaarinalaisen tai paimiolaisen<\/p>\n<p>veneseuran j\u00e4senelle<\/td>\n<td width=\"30%\" height=\"22\">100 e<\/td>\n<td width=\"10%\" height=\"22\"><\/td>\n<\/tr>\n<tr>\n<td width=\"10%\" height=\"22\"><\/td>\n<td width=\"50%\" height=\"22\">&#8211; Kipparij\u00e4sen*<\/td>\n<td width=\"30%\" height=\"22\">95 e\/v<\/td>\n<td width=\"10%\" height=\"22\"><\/td>\n<\/tr>\n<tr>\n<td width=\"10%\" height=\"22\"><\/td>\n<td width=\"50%\" height=\"22\">&#8211; Perheenj\u00e4sen<\/td>\n<td width=\"30%\" height=\"22\">5 e\/v<\/td>\n<td width=\"10%\" height=\"22\"><\/td>\n<\/tr>\n<tr>\n<td width=\"10%\" height=\"22\"><\/td>\n<td width=\"50%\" height=\"22\">Vuosij\u00e4sen*<\/td>\n<td width=\"30%\" height=\"22\">200 e\/v<\/td>\n<td width=\"10%\" height=\"22\"><\/td>\n<\/tr>\n<\/tbody>\n<\/table>\n<h4>Satamamaksut<\/h4>\n<table border=\"0\" width=\"100%\" cellspacing=\"0\">\n<tbody>\n<tr>\n<td width=\"10%\" height=\"22\"><\/td>\n<td width=\"50%\" height=\"22\">Laituripaikka + jolla maissa<\/td>\n<td width=\"30%\" height=\"22\">140 e\/v<\/td>\n<td width=\"10%\" height=\"22\"><\/td>\n<\/tr>\n<tr>\n<td width=\"10%\" height=\"22\"><\/td>\n<td width=\"50%\" height=\"22\">Laituripaikka + pienvenepaikka<\/td>\n<td width=\"30%\" height=\"22\">175 e\/v<\/td>\n<td width=\"10%\" height=\"22\"><\/td>\n<\/tr>\n<tr>\n<td width=\"10%\" height=\"22\"><\/td>\n<td width=\"50%\" height=\"22\">Pienvenepaikka (pit. alle 4,5m)<\/td>\n<td width=\"30%\" height=\"22\">85 e\/v<\/td>\n<td width=\"10%\" height=\"22\"><\/td>\n<\/tr>\n<tr>\n<td width=\"10%\" height=\"22\"><\/td>\n<td width=\"50%\" height=\"22\">Talvis\u00e4ilytys satama-alueella<\/td>\n<td width=\"30%\" height=\"22\">85 e\/v<\/td>\n<td width=\"10%\" height=\"22\"><\/td>\n<\/tr>\n<tr>\n<td width=\"10%\" height=\"22\"><\/td>\n<td width=\"50%\" height=\"22\">Kes\u00e4s\u00e4ilytys satama-alueella<\/td>\n<td width=\"30%\" height=\"22\">140 e\/v<\/td>\n<td width=\"10%\" height=\"22\"><\/td>\n<\/tr>\n<tr>\n<td width=\"10%\" height=\"22\"><\/td>\n<td width=\"50%\" height=\"22\">Vartioinnin laiminly\u00f6nti<\/td>\n<td width=\"30%\" height=\"22\">75 e\/kerta<\/td>\n<td width=\"10%\" height=\"22\"><\/td>\n<\/tr>\n<tr>\n<td width=\"10%\" height=\"22\"><\/td>\n<td width=\"50%\" height=\"22\">Nostoluiskan\u00a0portin avausmaksu<\/td>\n<td width=\"30%\" height=\"22\">20 e\/kerta<\/td>\n<td width=\"10%\" height=\"22\"><\/td>\n<\/tr>\n<tr>\n<td width=\"10%\" height=\"22\"><\/td>\n<td width=\"50%\" height=\"22\">Avainpantti<\/td>\n<td width=\"30%\" height=\"22\">50 e\/avain<\/td>\n<td width=\"10%\" height=\"22\"><\/td>\n<\/tr>\n<tr>\n<td width=\"10%\" height=\"22\"><\/td>\n<td width=\"50%\" height=\"22\">Vapautus vartiovuorosta<\/td>\n<td width=\"30%\" height=\"22\">150 e \/ vuoro<\/td>\n<td width=\"10%\" height=\"22\"><\/td>\n<\/tr>\n<\/tbody>\n<\/table>\n<h4>Katsastusmaksut<\/h4>\n<table border=\"0\" cellspacing=\"0\">\n<tbody>\n<tr>\n<td width=\"10%\" height=\"22\"><\/td>\n<td width=\"80%\" height=\"22\">*Katsastusmaksu sis\u00e4ltyy j\u00e4senmaksuun<\/td>\n<td width=\"10%\" height=\"22\"><\/td>\n<\/tr>\n<\/tbody>\n<\/table>\n<h4>Merkit<\/h4>\n<table border=\"0\" cellspacing=\"0\">\n<tbody>\n<tr>\n<td width=\"10%\" height=\"22\"><\/td>\n<td width=\"50%\" height=\"22\">Lakkimerkki<\/td>\n<td width=\"30%\" height=\"22\">7 e<\/td>\n<td width=\"10%\" height=\"22\"><\/td>\n<\/tr>\n<tr>\n<td width=\"10%\" height=\"22\"><\/td>\n<td width=\"50%\" height=\"22\">Hihamerkki<\/td>\n<td width=\"30%\" height=\"22\">3 e<\/td>\n<td width=\"10%\" height=\"22\"><\/td>\n<\/tr>\n<\/tbody>\n<\/table>\n<h4>Liput ja viirit<\/h4>\n<table border=\"0\" cellspacing=\"0\">\n<tbody>\n<tr>\n<td width=\"10%\" height=\"22\"><\/td>\n<td width=\"50%\" height=\"22\">Lippu 72 x 44 cm<\/td>\n<td width=\"30%\" height=\"22\">27 e<\/td>\n<td width=\"10%\" height=\"22\"><\/td>\n<\/tr>\n<tr>\n<td width=\"10%\" height=\"22\"><\/td>\n<td width=\"50%\" height=\"22\">Lippu 90 x 55 cm<\/td>\n<td width=\"30%\" height=\"22\">34 e<\/td>\n<td width=\"10%\" height=\"22\"><\/td>\n<\/tr>\n<tr>\n<td width=\"10%\" height=\"22\"><\/td>\n<td width=\"50%\" height=\"22\">Lippu 108 x 66 cm<\/td>\n<td width=\"30%\" height=\"22\">37 e<\/td>\n<td width=\"10%\" height=\"22\"><\/td>\n<\/tr>\n<tr>\n<td width=\"10%\" height=\"22\"><\/td>\n<td width=\"50%\" height=\"22\">Veneenomistajan viiri<\/td>\n<td width=\"30%\" height=\"22\">20 e<\/td>\n<td width=\"10%\" height=\"22\"><\/td>\n<\/tr>\n<tr>\n<td width=\"10%\" height=\"22\"><\/td>\n<td width=\"50%\" height=\"22\">Majaviiri (Is\u00e4nn\u00e4nviiri)<\/td>\n<td width=\"30%\" height=\"22\">100 e<\/td>\n<td width=\"10%\" height=\"22\"><\/td>\n<\/tr>\n<\/tbody>\n<\/table>\n","protected":false},"excerpt":{"rendered":"<p>Vuosi 2026 J\u00e4senmaksut Liittyminen seuraan 350 e Liittyminen seuraan, kaarinalaisen tai paimiolaisen veneseuran j\u00e4senelle 100 e &#8211; Kipparij\u00e4sen* 95 e\/v &#8211; Perheenj\u00e4sen 5 e\/v Vuosij\u00e4sen* 200 e\/v Satamamaksut Laituripaikka + jolla maissa 140 e\/v Laituripaikka + pienvenepaikka 175 e\/v Pienvenepaikka (pit. alle 4,5m) 85 e\/v Talvis\u00e4ilytys satama-alueella 85 e\/v Kes\u00e4s\u00e4ilytys satama-alueella 140 e\/v Vartioinnin laiminly\u00f6nti 75 e\/kerta Nostoluiskan\u00a0portin avausmaksu 20<\/p>\n","protected":false},"author":1,"featured_media":0,"parent":0,"menu_order":0,"comment_status":"open","ping_status":"open","template":"","meta":{"_bbp_topic_count":0,"_bbp_reply_count":0,"_bbp_total_topic_count":0,"_bbp_total_reply_count":0,"_bbp_voice_count":0,"_bbp_anonymous_reply_count":0,"_bbp_topic_count_hidden":0,"_bbp_reply_count_hidden":0,"_bbp_forum_subforum_count":0,"_mc_calendar":[],"footnotes":""},"class_list":["post-41","page","type-page","status-publish","hentry"],"_links":{"self":[{"href":"https:\/\/www.piikkionveneseura.net\/index.php?rest_route=\/wp\/v2\/pages\/41","targetHints":{"allow":["GET"]}}],"collection":[{"href":"https:\/\/www.piikkionveneseura.net\/index.php?rest_route=\/wp\/v2\/pages"}],"about":[{"href":"https:\/\/www.piikkionveneseura.net\/index.php?rest_route=\/wp\/v2\/types\/page"}],"author":[{"embeddable":true,"href":"https:\/\/www.piikkionveneseura.net\/index.php?rest_route=\/wp\/v2\/users\/1"}],"replies":[{"embeddable":true,"href":"https:\/\/www.piikkionveneseura.net\/index.php?rest_route=%2Fwp%2Fv2%2Fcomments&post=41"}],"version-history":[{"count":17,"href":"https:\/\/www.piikkionveneseura.net\/index.php?rest_route=\/wp\/v2\/pages\/41\/revisions"}],"predecessor-version":[{"id":2034,"href":"https:\/\/www.piikkionveneseura.net\/index.php?rest_route=\/wp\/v2\/pages\/41\/revisions\/2034"}],"wp:attachment":[{"href":"https:\/\/www.piikkionveneseura.net\/index.php?rest_route=%2Fwp%2Fv2%2Fmedia&parent=41"}],"curies":[{"name":"wp","href":"https:\/\/api.w.org\/{rel}","templated":true}]}}