{"id":65,"date":"2015-01-30T05:50:31","date_gmt":"2015-01-30T05:50:31","guid":{"rendered":"http:\/\/whm17.louhi.net\/~piikkion\/?page_id=65"},"modified":"2019-09-03T15:08:47","modified_gmt":"2019-09-03T13:08:47","slug":"saaritukikohta","status":"publish","type":"page","link":"https:\/\/www.piikkionveneseura.net\/?page_id=65","title":{"rendered":"Saaritukikohta"},"content":{"rendered":"<p><strong>Hirsal\u00f6<\/strong><\/p>\n<p>Veneseuralla on tukikohta <a href=\"https:\/\/goo.gl\/maps\/uRWqHop2Qwp\" target=\"_blank\" rel=\"noopener noreferrer\">Hirsal\u00f6n<\/a> saaressa. Tukikohdassa j\u00e4senten k\u00e4yt\u00f6ss\u00e4 on laituri, poijut, grilli ja wc.<\/p>\n<p><a href=\"https:\/\/www.piikkionveneseura.net\/wp-content\/uploads\/tukikohta.jpg\"><img loading=\"lazy\" decoding=\"async\" class=\"aligncenter size-large wp-image-1697\" src=\"https:\/\/www.piikkionveneseura.net\/wp-content\/uploads\/tukikohta-1024x453.jpg\" alt=\"\" width=\"860\" height=\"380\" srcset=\"https:\/\/www.piikkionveneseura.net\/wp-content\/uploads\/tukikohta-1024x453.jpg 1024w, https:\/\/www.piikkionveneseura.net\/wp-content\/uploads\/tukikohta-300x133.jpg 300w, https:\/\/www.piikkionveneseura.net\/wp-content\/uploads\/tukikohta-768x340.jpg 768w, https:\/\/www.piikkionveneseura.net\/wp-content\/uploads\/tukikohta.jpg 1900w\" sizes=\"auto, (max-width: 860px) 100vw, 860px\" \/><\/a><\/p>\n","protected":false},"excerpt":{"rendered":"<p>Hirsal\u00f6 Veneseuralla on tukikohta Hirsal\u00f6n saaressa. Tukikohdassa j\u00e4senten k\u00e4yt\u00f6ss\u00e4 on laituri, poijut, grilli ja wc.<\/p>\n","protected":false},"author":1,"featured_media":0,"parent":0,"menu_order":0,"comment_status":"closed","ping_status":"open","template":"","meta":{"_bbp_topic_count":0,"_bbp_reply_count":0,"_bbp_total_topic_count":0,"_bbp_total_reply_count":0,"_bbp_voice_count":0,"_bbp_anonymous_reply_count":0,"_bbp_topic_count_hidden":0,"_bbp_reply_count_hidden":0,"_bbp_forum_subforum_count":0,"_mc_calendar":[],"footnotes":""},"class_list":["post-65","page","type-page","status-publish","hentry"],"_links":{"self":[{"href":"https:\/\/www.piikkionveneseura.net\/index.php?rest_route=\/wp\/v2\/pages\/65","targetHints":{"allow":["GET"]}}],"collection":[{"href":"https:\/\/www.piikkionveneseura.net\/index.php?rest_route=\/wp\/v2\/pages"}],"about":[{"href":"https:\/\/www.piikkionveneseura.net\/index.php?rest_route=\/wp\/v2\/types\/page"}],"author":[{"embeddable":true,"href":"https:\/\/www.piikkionveneseura.net\/index.php?rest_route=\/wp\/v2\/users\/1"}],"replies":[{"embeddable":true,"href":"https:\/\/www.piikkionveneseura.net\/index.php?rest_route=%2Fwp%2Fv2%2Fcomments&post=65"}],"version-history":[{"count":17,"href":"https:\/\/www.piikkionveneseura.net\/index.php?rest_route=\/wp\/v2\/pages\/65\/revisions"}],"predecessor-version":[{"id":1699,"href":"https:\/\/www.piikkionveneseura.net\/index.php?rest_route=\/wp\/v2\/pages\/65\/revisions\/1699"}],"wp:attachment":[{"href":"https:\/\/www.piikkionveneseura.net\/index.php?rest_route=%2Fwp%2Fv2%2Fmedia&parent=65"}],"curies":[{"name":"wp","href":"https:\/\/api.w.org\/{rel}","templated":true}]}}