{"id":81,"date":"2015-01-30T08:11:04","date_gmt":"2015-01-30T08:11:04","guid":{"rendered":"http:\/\/whm17.louhi.net\/~piikkion\/?page_id=81"},"modified":"2026-04-21T12:33:06","modified_gmt":"2026-04-21T10:33:06","slug":"toimintasuunnitelma","status":"publish","type":"page","link":"https:\/\/www.piikkionveneseura.net\/?page_id=81","title":{"rendered":"Toimintasuunnitelma"},"content":{"rendered":"<table style=\"height: 1127px;\" border=\"0\" width=\"579\" cellspacing=\"1\" cellpadding=\"0\">\n<tbody>\n<tr>\n<td width=\"20%\" height=\"22\"><strong>Vuosi 2026<\/strong><\/td>\n<td width=\"55%\" height=\"22\"><strong>Tapahtuma<\/strong><\/td>\n<td width=\"25%\" height=\"22\"><strong>J\u00e4rjest\u00e4j\u00e4<\/strong><\/td>\n<\/tr>\n<tr>\n<td width=\"20%\" height=\"22\"><strong>Tammikuu<\/strong><\/td>\n<td width=\"55%\" height=\"22\">\u00a0<\/td>\n<td width=\"25%\" height=\"22\">\u00a0<\/td>\n<\/tr>\n<tr>\n<td width=\"20%\" height=\"22\">1.1.<\/td>\n<td width=\"55%\" height=\"22\">Runkokatsastukset alkavat<\/td>\n<td width=\"25%\" height=\"22\">Katsastustoimikunta<\/td>\n<\/tr>\n<tr>\n<td width=\"20%\" height=\"22\"><strong>Helmikuu<\/strong><\/td>\n<td width=\"55%\" height=\"22\">\u00a0<\/td>\n<td width=\"25%\" height=\"22\">\u00a0<\/td>\n<\/tr>\n<tr>\n<td width=\"20%\" height=\"22\">7.2.<\/td>\n<td width=\"55%\" height=\"22\">Venemessut<\/td>\n<td width=\"25%\" height=\"22\">Huvitoimikunta<\/td>\n<\/tr>\n<tr>\n<td width=\"20%\" height=\"22\"><strong>Maaliskuu<\/strong><\/td>\n<td width=\"55%\" height=\"22\">\u00a0<\/td>\n<td width=\"25%\" height=\"22\">\u00a0<\/td>\n<\/tr>\n<tr>\n<td width=\"20%\" height=\"22\">12.3.<\/td>\n<td width=\"55%\" height=\"22\">Vuosikokous<\/td>\n<td width=\"25%\" height=\"22\">Hallitus<\/td>\n<\/tr>\n<tr>\n<td width=\"20%\" height=\"22\">Kelin mukaan<\/td>\n<td width=\"55%\" height=\"22\">Kaislanestotalkoot<\/td>\n<td width=\"25%\" height=\"22\">Satamatoimikunta<\/td>\n<\/tr>\n<tr>\n<td width=\"20%\" height=\"22\">31.3. menness\u00e4<\/td>\n<td width=\"55%\" height=\"22\">Venepaikkavaraukset<\/td>\n<td width=\"25%\" height=\"22\">Satamatoimikunta<\/td>\n<\/tr>\n<tr>\n<td width=\"20%\" height=\"22\"><strong>Huhtikuu<\/strong><\/td>\n<td width=\"55%\" height=\"22\">\u00a0<\/td>\n<td width=\"25%\" height=\"22\">\u00a0<\/td>\n<\/tr>\n<tr>\n<td width=\"20%\" height=\"22\">kelin mukaan<\/td>\n<td width=\"55%\" height=\"22\">Tolppatalkoot j\u00e4iden l\u00e4hdetty\u00e4<\/td>\n<td width=\"25%\" height=\"22\">Satamatoimikunta<\/td>\n<\/tr>\n<tr>\n<td width=\"20%\" height=\"22\"><s>25.4.<\/s><\/td>\n<td width=\"55%\" height=\"22\"><s>Sataman kunnostus<\/s>Satama laitettu k\u00e4ytt\u00f6kuntoon tolppatalkoiden aikana<\/td>\n<td width=\"25%\" height=\"22\">Satamatoimikunta<\/td>\n<\/tr>\n<tr>\n<td width=\"20%\" height=\"22\"><strong>Toukokuu<\/strong><\/td>\n<td width=\"55%\" height=\"22\">\u00a0<\/td>\n<td width=\"25%\" height=\"22\">\u00a0<\/td>\n<\/tr>\n<tr>\n<td width=\"20%\" height=\"22\">7.5.<\/td>\n<td width=\"55%\" height=\"22\">Kev\u00e4tkokous ja viirin nosto satamassa<\/td>\n<td width=\"25%\" height=\"22\">Hallitus<\/td>\n<\/tr>\n<tr>\n<td width=\"20%\" height=\"22\">16.5.<\/td>\n<td width=\"55%\" height=\"22\">Haukikisa<\/td>\n<td width=\"25%\" height=\"22\">Kalastustoimikunta<\/td>\n<\/tr>\n<tr>\n<td width=\"20%\" height=\"22\">16.5.<\/td>\n<td width=\"55%\" height=\"22\">Kauden avaus saaressa<\/td>\n<td width=\"25%\" height=\"22\">Saaritoimikunta<\/td>\n<\/tr>\n<tr>\n<td width=\"20%\" height=\"22\">23.5.<\/td>\n<td width=\"55%\" height=\"22\">Puu- ja kev\u00e4tkunnostustalkoot<\/td>\n<td width=\"25%\" height=\"22\">Saaritoimikunta<\/td>\n<\/tr>\n<tr>\n<td width=\"20%\" height=\"22\"><strong>Kes\u00e4kuu<\/strong><\/td>\n<td width=\"55%\" height=\"22\">\u00a0<\/td>\n<td width=\"25%\" height=\"22\">\u00a0<\/td>\n<\/tr>\n<tr>\n<td width=\"20%\" height=\"22\">\n<p>1.6.<br \/>8.6<br \/>15.6<\/p>\n<\/td>\n<td width=\"55%\" height=\"22\">Katsastukset kes\u00e4kuussa maanantaisin juhannukseen asti. Sammuttimien tarkastusta ensimm\u00e4isell\u00e4 kerralla.<\/td>\n<td width=\"25%\" height=\"22\">Katsastustoimikunta<\/td>\n<\/tr>\n<tr>\n<td width=\"20%\" height=\"22\">19.-20.6.<\/td>\n<td width=\"55%\" height=\"22\">Juhannuksen viettoa saaressa<\/td>\n<td width=\"25%\" height=\"22\">Saaritoimikunta<\/td>\n<\/tr>\n<tr>\n<td width=\"20%\" height=\"22\"><strong>Hein\u00e4kuu<\/strong><\/td>\n<td width=\"55%\" height=\"22\">\u00a0<\/td>\n<td width=\"25%\" height=\"22\">\u00a0<\/td>\n<\/tr>\n<tr>\n<td width=\"20%\" height=\"22\">\u00a04.7.<\/td>\n<td width=\"55%\" height=\"22\">Eskaaderi KVS:n kanssa<\/td>\n<td width=\"25%\" height=\"22\">Veneilytoimikunta<\/td>\n<\/tr>\n<tr>\n<td width=\"20%\" height=\"22\"><strong>Elokuu<\/strong><\/td>\n<td width=\"55%\" height=\"22\">\u00a0<\/td>\n<td width=\"25%\" height=\"22\">\u00a0<\/td>\n<\/tr>\n<tr>\n<td width=\"20%\" height=\"22\">1.8.<\/td>\n<td width=\"55%\" height=\"22\">Hupilauantai Hirsal\u00f6ssa<\/td>\n<td width=\"25%\" height=\"22\">Saaritoimikunta<\/td>\n<\/tr>\n<tr>\n<td width=\"20%\" height=\"22\">29.8.<\/td>\n<td width=\"55%\" height=\"22\">Muinaistulet ja kutsu kaveri kyl\u00e4\u00e4n p\u00e4iv\u00e4 Hirsal\u00f6ssa<\/td>\n<td width=\"25%\" height=\"22\">Saaritoimikunta<\/td>\n<\/tr>\n<tr>\n<td width=\"20%\" height=\"22\"><strong>Syyskuu<\/strong><\/td>\n<td width=\"55%\" height=\"22\">\u00a0<\/td>\n<td width=\"25%\" height=\"22\">\u00a0<\/td>\n<\/tr>\n<tr>\n<td width=\"20%\" height=\"22\">26.9.<\/td>\n<td width=\"55%\" height=\"22\">Ahvenkisa<\/td>\n<td width=\"25%\" height=\"22\">Kalastustoimikunta<\/td>\n<\/tr>\n<tr>\n<td width=\"20%\" height=\"22\">26.9.<\/td>\n<td width=\"55%\" height=\"22\">Kauden p\u00e4\u00e4t\u00f6s Hirsal\u00f6ssa<\/td>\n<td width=\"25%\" height=\"22\">Saaritoimikunta<\/td>\n<\/tr>\n<tr>\n<td width=\"20%\" height=\"22\"><strong>Lokakuu<\/strong><\/td>\n<td width=\"55%\" height=\"22\">\u00a0<\/td>\n<td width=\"25%\" height=\"22\">\u00a0<\/td>\n<\/tr>\n<tr>\n<td width=\"20%\" height=\"22\">24.10<\/td>\n<td width=\"55%\" height=\"22\">Satamatalkoot, veneilykausi p\u00e4\u00e4ttyy, viirin lasku satamassa.<\/td>\n<td width=\"25%\" height=\"22\">Satamatoimikunta<\/td>\n<\/tr>\n<tr>\n<td width=\"20%\" height=\"22\"><strong>Marraskuu<\/strong><\/td>\n<td width=\"55%\" height=\"22\">\u00a0<\/td>\n<td width=\"25%\" height=\"22\">\u00a0<\/td>\n<\/tr>\n<tr>\n<td width=\"20%\" height=\"22\">Tilanteen mukaan<\/td>\n<td width=\"55%\" height=\"22\">Joulujuhlat<\/td>\n<td width=\"25%\" height=\"22\">Huvitoimikunta<\/td>\n<\/tr>\n<\/tbody>\n<\/table>\n\n\n\n\n\n\n<p><\/p>\n","protected":false},"excerpt":{"rendered":"<p>Vuosi 2026 Tapahtuma J\u00e4rjest\u00e4j\u00e4 Tammikuu \u00a0 \u00a0 1.1. Runkokatsastukset alkavat Katsastustoimikunta Helmikuu \u00a0 \u00a0 7.2. Venemessut Huvitoimikunta Maaliskuu \u00a0 \u00a0 12.3. Vuosikokous Hallitus Kelin mukaan Kaislanestotalkoot Satamatoimikunta 31.3. menness\u00e4 Venepaikkavaraukset Satamatoimikunta Huhtikuu \u00a0 \u00a0 kelin mukaan Tolppatalkoot j\u00e4iden l\u00e4hdetty\u00e4 Satamatoimikunta 25.4. Sataman kunnostusSatama laitettu k\u00e4ytt\u00f6kuntoon tolppatalkoiden aikana Satamatoimikunta Toukokuu \u00a0 \u00a0 7.5. Kev\u00e4tkokous ja viirin nosto satamassa Hallitus 16.5. Haukikisa<\/p>\n","protected":false},"author":1,"featured_media":0,"parent":0,"menu_order":0,"comment_status":"closed","ping_status":"open","template":"","meta":{"_bbp_topic_count":0,"_bbp_reply_count":0,"_bbp_total_topic_count":0,"_bbp_total_reply_count":0,"_bbp_voice_count":0,"_bbp_anonymous_reply_count":0,"_bbp_topic_count_hidden":0,"_bbp_reply_count_hidden":0,"_bbp_forum_subforum_count":0,"_mc_calendar":[],"footnotes":""},"class_list":["post-81","page","type-page","status-publish","hentry"],"_links":{"self":[{"href":"https:\/\/www.piikkionveneseura.net\/index.php?rest_route=\/wp\/v2\/pages\/81","targetHints":{"allow":["GET"]}}],"collection":[{"href":"https:\/\/www.piikkionveneseura.net\/index.php?rest_route=\/wp\/v2\/pages"}],"about":[{"href":"https:\/\/www.piikkionveneseura.net\/index.php?rest_route=\/wp\/v2\/types\/page"}],"author":[{"embeddable":true,"href":"https:\/\/www.piikkionveneseura.net\/index.php?rest_route=\/wp\/v2\/users\/1"}],"replies":[{"embeddable":true,"href":"https:\/\/www.piikkionveneseura.net\/index.php?rest_route=%2Fwp%2Fv2%2Fcomments&post=81"}],"version-history":[{"count":52,"href":"https:\/\/www.piikkionveneseura.net\/index.php?rest_route=\/wp\/v2\/pages\/81\/revisions"}],"predecessor-version":[{"id":2043,"href":"https:\/\/www.piikkionveneseura.net\/index.php?rest_route=\/wp\/v2\/pages\/81\/revisions\/2043"}],"wp:attachment":[{"href":"https:\/\/www.piikkionveneseura.net\/index.php?rest_route=%2Fwp%2Fv2%2Fmedia&parent=81"}],"curies":[{"name":"wp","href":"https:\/\/api.w.org\/{rel}","templated":true}]}}